{"id":111497,"date":"2022-05-12T09:35:18","date_gmt":"2022-05-12T07:35:18","guid":{"rendered":"https:\/\/undsgn.com\/uncode\/?post_type=product&#038;p=111497"},"modified":"2023-11-21T00:06:24","modified_gmt":"2023-11-21T00:06:24","slug":"equipamento-goride-pacto-team-pro-2023-24","status":"publish","type":"product","link":"https:\/\/www.goride.pt\/store\/produto\/equipamento-goride-pacto-team-pro-2023-24\/","title":{"rendered":"Equipamento GoRide &#8211; Pacto Team Pro 2023\/24"},"content":{"rendered":"<p><strong>Equipamento oficial GoRide Team para a temporada 2023\/24.<\/strong><\/p>\n<p><strong>Conjunto de cal\u00e7\u00e3o + jersey.<\/strong><\/p>\n<p><strong>Com oferta de um par de meias GoRide (limitado ao stock existente).<\/strong><\/p>\n<p><strong>Modelo Pacto Team Pro (<a href=\"https:\/\/pacto.cc\/gamas-pacto\/team-pro\/\" target=\"_blank\" rel=\"noopener\">mais informa\u00e7\u00f5es e tabela de tamanhos aqui<\/a>):<\/strong><\/p>\n<p>A gama Pacto Team Pro \u00e9 considerada uma gama m\u00e9dia\/alta que foi desenvolvida para satisfazer as necessidades dos ciclistas profissionais, para quem cada detalhe conta.<\/p>\n<p>O jersey \u00e9 composto por tr\u00eas tecidos diferentes, que fazem com que esta pe\u00e7a seja bastante completa, com um conforto acrescido e ao mesmo tempo bastante leve e fresca.<\/p>\n<p>A frente do jersey \u00e9 composta por uma licra lisa totalmente respir\u00e1vel e as costas em tecido micro perfurado, bastante leve e respir\u00e1vel, fazem a combina\u00e7\u00e3o perfeita com o tecido utilizado na manga, que tem uma textura pontilhada que promove o fluxo de ar e aumenta as propriedades aerodin\u00e2micas do jersey.<\/p>\n<p>Com uma gola de baixo perfil, que torna a pe\u00e7a mais fresca para dias quentes, \u00e9 confort\u00e1vel e tamb\u00e9m mais aerodin\u00e2mica.<\/p>\n<p>Para melhorar o ajuste na cintura foi colocada na termina\u00e7\u00e3o da jersey uma banda em silicone.<\/p>\n<p>O cal\u00e7\u00e3o cont\u00e9m duas lycras, uma personaliz\u00e1vel e outra n\u00e3o, est\u00e1 colocada na parte interior do cal\u00e7\u00e3o e com caracter\u00edsticas mais compressivas.<\/p>\n<p>A carneira utilizada \u00e9 a M6, aconselhada para 6 a 7 horas de uso.<\/p>\n<p><strong><a href=\"https:\/\/pacto.cc\/gamas-pacto\/team-pro\/\" target=\"_blank\" rel=\"noopener\">Mais informa\u00e7\u00f5es e tabela de tamanhos aqui<\/a>.<\/strong><\/p>\n","protected":false},"excerpt":{"rendered":"<p><strong>Equipamento oficial GoRide Team para a temporada 2023\/24.<\/strong><\/p>\n<p><strong>Conjunto de cal\u00e7\u00e3o + jersey.<\/strong><\/p>\n<p><strong>Oferta de um par de meias GoRide (limitado ao stock existente).<\/strong><\/p>\n<p><strong>Modelo Pacto Team Pro (<a href=\"https:\/\/pacto.cc\/gamas-pacto\/team-pro\/\" target=\"_blank\" rel=\"noopener\">mais informa\u00e7\u00f5es e tabela de tamanhos aqui<\/a>).<\/strong><\/p>\n","protected":false},"featured_media":118281,"template":"","meta":[],"product_cat":[213],"product_tag":[220],"class_list":["post-111497","product","type-product","status-publish","has-post-thumbnail","hentry","product_cat-produtos","product_tag-equipamentos"],"yoast_head":"<!-- This site is optimized with the Yoast SEO plugin v21.6 - https:\/\/yoast.com\/wordpress\/plugins\/seo\/ -->\n<title>Equipamento GoRide - Pacto Team Pro 2023\/24 - GoRide Store<\/title>\n<meta name=\"description\" content=\"O equipamento de ciclismo GoRide - Pacto Team Pro 2023\/24 \u00e9 um conjunto de jersey e cal\u00e7\u00e3o para a \u00e9poca 2024.\" \/>\n<meta name=\"robots\" content=\"index, follow, max-snippet:-1, max-image-preview:large, max-video-preview:-1\" \/>\n<link rel=\"canonical\" href=\"https:\/\/www.goride.pt\/store\/produto\/equipamento-goride-pacto-team-pro-2023-24\/\" \/>\n<meta property=\"og:locale\" content=\"pt_PT\" \/>\n<meta property=\"og:type\" content=\"article\" \/>\n<meta property=\"og:title\" content=\"Equipamento GoRide - Pacto Team Pro 2023\/24 - GoRide Store\" \/>\n<meta property=\"og:description\" content=\"O equipamento de ciclismo GoRide - Pacto Team Pro 2023\/24 \u00e9 um conjunto de jersey e cal\u00e7\u00e3o para a \u00e9poca 2024.\" \/>\n<meta property=\"og:url\" content=\"https:\/\/www.goride.pt\/store\/produto\/equipamento-goride-pacto-team-pro-2023-24\/\" \/>\n<meta property=\"og:site_name\" content=\"GoRide Store\" \/>\n<meta property=\"article:modified_time\" content=\"2023-11-21T00:06:24+00:00\" \/>\n<meta property=\"og:image\" content=\"https:\/\/www.goride.pt\/store\/wp-content\/uploads\/2022\/05\/GoRide-Pacto-2024-16.jpg\" \/>\n\t<meta property=\"og:image:width\" content=\"1700\" \/>\n\t<meta property=\"og:image:height\" content=\"1275\" \/>\n\t<meta property=\"og:image:type\" content=\"image\/jpeg\" \/>\n<meta name=\"twitter:card\" content=\"summary_large_image\" \/>\n<meta name=\"twitter:label1\" content=\"Tempo estimado de leitura\" \/>\n\t<meta name=\"twitter:data1\" content=\"2 minutos\" \/>\n<script type=\"application\/ld+json\" class=\"yoast-schema-graph\">{\"@context\":\"https:\/\/schema.org\",\"@graph\":[{\"@type\":\"WebPage\",\"@id\":\"https:\/\/www.goride.pt\/store\/produto\/equipamento-goride-pacto-team-pro-2023-24\/\",\"url\":\"https:\/\/www.goride.pt\/store\/produto\/equipamento-goride-pacto-team-pro-2023-24\/\",\"name\":\"Equipamento GoRide - Pacto Team Pro 2023\/24 - GoRide Store\",\"isPartOf\":{\"@id\":\"https:\/\/www.goride.pt\/store\/#website\"},\"datePublished\":\"2022-05-12T07:35:18+00:00\",\"dateModified\":\"2023-11-21T00:06:24+00:00\",\"description\":\"O equipamento de ciclismo GoRide - Pacto Team Pro 2023\/24 \u00e9 um conjunto de jersey e cal\u00e7\u00e3o para a \u00e9poca 2024.\",\"breadcrumb\":{\"@id\":\"https:\/\/www.goride.pt\/store\/produto\/equipamento-goride-pacto-team-pro-2023-24\/#breadcrumb\"},\"inLanguage\":\"pt-PT\",\"potentialAction\":[{\"@type\":\"ReadAction\",\"target\":[\"https:\/\/www.goride.pt\/store\/produto\/equipamento-goride-pacto-team-pro-2023-24\/\"]}]},{\"@type\":\"BreadcrumbList\",\"@id\":\"https:\/\/www.goride.pt\/store\/produto\/equipamento-goride-pacto-team-pro-2023-24\/#breadcrumb\",\"itemListElement\":[{\"@type\":\"ListItem\",\"position\":1,\"name\":\"In\u00edcio\",\"item\":\"https:\/\/www.goride.pt\/store\/\"},{\"@type\":\"ListItem\",\"position\":2,\"name\":\"Produtos\",\"item\":\"https:\/\/www.goride.pt\/store\/?page_id=118106\"},{\"@type\":\"ListItem\",\"position\":3,\"name\":\"Equipamento GoRide &#8211; Pacto Team Pro 2023\/24\"}]},{\"@type\":\"WebSite\",\"@id\":\"https:\/\/www.goride.pt\/store\/#website\",\"url\":\"https:\/\/www.goride.pt\/store\/\",\"name\":\"GoRide Store\",\"description\":\"Equipamentos e merchandising GoRide\",\"publisher\":{\"@id\":\"https:\/\/www.goride.pt\/store\/#organization\"},\"potentialAction\":[{\"@type\":\"SearchAction\",\"target\":{\"@type\":\"EntryPoint\",\"urlTemplate\":\"https:\/\/www.goride.pt\/store\/?s={search_term_string}\"},\"query-input\":\"required name=search_term_string\"}],\"inLanguage\":\"pt-PT\"},{\"@type\":\"Organization\",\"@id\":\"https:\/\/www.goride.pt\/store\/#organization\",\"name\":\"GoRide\",\"url\":\"https:\/\/www.goride.pt\/store\/\",\"logo\":{\"@type\":\"ImageObject\",\"inLanguage\":\"pt-PT\",\"@id\":\"https:\/\/www.goride.pt\/store\/#\/schema\/logo\/image\/\",\"url\":\"https:\/\/www.goride.pt\/store\/wp-content\/uploads\/2023\/05\/GoRide_Final_2021a.png\",\"contentUrl\":\"https:\/\/www.goride.pt\/store\/wp-content\/uploads\/2023\/05\/GoRide_Final_2021a.png\",\"width\":3004,\"height\":612,\"caption\":\"GoRide\"},\"image\":{\"@id\":\"https:\/\/www.goride.pt\/store\/#\/schema\/logo\/image\/\"}}]}<\/script>\n<!-- \/ Yoast SEO plugin. -->","yoast_head_json":{"title":"Equipamento GoRide - Pacto Team Pro 2023\/24 - GoRide Store","description":"O equipamento de ciclismo GoRide - Pacto Team Pro 2023\/24 \u00e9 um conjunto de jersey e cal\u00e7\u00e3o para a \u00e9poca 2024.","robots":{"index":"index","follow":"follow","max-snippet":"max-snippet:-1","max-image-preview":"max-image-preview:large","max-video-preview":"max-video-preview:-1"},"canonical":"https:\/\/www.goride.pt\/store\/produto\/equipamento-goride-pacto-team-pro-2023-24\/","og_locale":"pt_PT","og_type":"article","og_title":"Equipamento GoRide - Pacto Team Pro 2023\/24 - GoRide Store","og_description":"O equipamento de ciclismo GoRide - Pacto Team Pro 2023\/24 \u00e9 um conjunto de jersey e cal\u00e7\u00e3o para a \u00e9poca 2024.","og_url":"https:\/\/www.goride.pt\/store\/produto\/equipamento-goride-pacto-team-pro-2023-24\/","og_site_name":"GoRide Store","article_modified_time":"2023-11-21T00:06:24+00:00","og_image":[{"width":1700,"height":1275,"url":"https:\/\/www.goride.pt\/store\/wp-content\/uploads\/2022\/05\/GoRide-Pacto-2024-16.jpg","type":"image\/jpeg"}],"twitter_card":"summary_large_image","twitter_misc":{"Tempo estimado de leitura":"2 minutos"},"schema":{"@context":"https:\/\/schema.org","@graph":[{"@type":"WebPage","@id":"https:\/\/www.goride.pt\/store\/produto\/equipamento-goride-pacto-team-pro-2023-24\/","url":"https:\/\/www.goride.pt\/store\/produto\/equipamento-goride-pacto-team-pro-2023-24\/","name":"Equipamento GoRide - Pacto Team Pro 2023\/24 - GoRide Store","isPartOf":{"@id":"https:\/\/www.goride.pt\/store\/#website"},"datePublished":"2022-05-12T07:35:18+00:00","dateModified":"2023-11-21T00:06:24+00:00","description":"O equipamento de ciclismo GoRide - Pacto Team Pro 2023\/24 \u00e9 um conjunto de jersey e cal\u00e7\u00e3o para a \u00e9poca 2024.","breadcrumb":{"@id":"https:\/\/www.goride.pt\/store\/produto\/equipamento-goride-pacto-team-pro-2023-24\/#breadcrumb"},"inLanguage":"pt-PT","potentialAction":[{"@type":"ReadAction","target":["https:\/\/www.goride.pt\/store\/produto\/equipamento-goride-pacto-team-pro-2023-24\/"]}]},{"@type":"BreadcrumbList","@id":"https:\/\/www.goride.pt\/store\/produto\/equipamento-goride-pacto-team-pro-2023-24\/#breadcrumb","itemListElement":[{"@type":"ListItem","position":1,"name":"In\u00edcio","item":"https:\/\/www.goride.pt\/store\/"},{"@type":"ListItem","position":2,"name":"Produtos","item":"https:\/\/www.goride.pt\/store\/?page_id=118106"},{"@type":"ListItem","position":3,"name":"Equipamento GoRide &#8211; Pacto Team Pro 2023\/24"}]},{"@type":"WebSite","@id":"https:\/\/www.goride.pt\/store\/#website","url":"https:\/\/www.goride.pt\/store\/","name":"GoRide Store","description":"Equipamentos e merchandising GoRide","publisher":{"@id":"https:\/\/www.goride.pt\/store\/#organization"},"potentialAction":[{"@type":"SearchAction","target":{"@type":"EntryPoint","urlTemplate":"https:\/\/www.goride.pt\/store\/?s={search_term_string}"},"query-input":"required name=search_term_string"}],"inLanguage":"pt-PT"},{"@type":"Organization","@id":"https:\/\/www.goride.pt\/store\/#organization","name":"GoRide","url":"https:\/\/www.goride.pt\/store\/","logo":{"@type":"ImageObject","inLanguage":"pt-PT","@id":"https:\/\/www.goride.pt\/store\/#\/schema\/logo\/image\/","url":"https:\/\/www.goride.pt\/store\/wp-content\/uploads\/2023\/05\/GoRide_Final_2021a.png","contentUrl":"https:\/\/www.goride.pt\/store\/wp-content\/uploads\/2023\/05\/GoRide_Final_2021a.png","width":3004,"height":612,"caption":"GoRide"},"image":{"@id":"https:\/\/www.goride.pt\/store\/#\/schema\/logo\/image\/"}}]}},"_links":{"self":[{"href":"https:\/\/www.goride.pt\/store\/wp-json\/wp\/v2\/product\/111497","targetHints":{"allow":["GET"]}}],"collection":[{"href":"https:\/\/www.goride.pt\/store\/wp-json\/wp\/v2\/product"}],"about":[{"href":"https:\/\/www.goride.pt\/store\/wp-json\/wp\/v2\/types\/product"}],"wp:featuredmedia":[{"embeddable":true,"href":"https:\/\/www.goride.pt\/store\/wp-json\/wp\/v2\/media\/118281"}],"wp:attachment":[{"href":"https:\/\/www.goride.pt\/store\/wp-json\/wp\/v2\/media?parent=111497"}],"wp:term":[{"taxonomy":"product_cat","embeddable":true,"href":"https:\/\/www.goride.pt\/store\/wp-json\/wp\/v2\/product_cat?post=111497"},{"taxonomy":"product_tag","embeddable":true,"href":"https:\/\/www.goride.pt\/store\/wp-json\/wp\/v2\/product_tag?post=111497"}],"curies":[{"name":"wp","href":"https:\/\/api.w.org\/{rel}","templated":true}]}}