{"id":3,"date":"2023-05-13T15:46:04","date_gmt":"2023-05-13T15:46:04","guid":{"rendered":"https:\/\/www.goride.pt\/store\/?page_id=3"},"modified":"2023-05-31T10:34:14","modified_gmt":"2023-05-31T10:34:14","slug":"politica-privacidade","status":"publish","type":"page","link":"https:\/\/www.goride.pt\/store\/politica-privacidade\/","title":{"rendered":"Pol\u00edtica de privacidade"},"content":{"rendered":"\r\n<p>Ao aceder e utilizar os servi\u00e7os do site GoRide Store (www.goride.pt\/store), o utilizador\/visitante aceita vincular-se \u00e0 presente pol\u00edtica de privacidade, pelo que a dever\u00e1 ler atentamente. Caso n\u00e3o concordes com a presente pol\u00edtica de privacidade n\u00e3o dever\u00e1s aceder a este site, inserir dados ou utilizar de forma alguma o presente site\/plataforma.<\/p>\r\n<p>O site GoRide Store (www.goride.pt\/store) n\u00e3o permite o registo de utilizadores menores de 18 anos. A plataforma tamb\u00e9m n\u00e3o efetua este controlo, pelo que n\u00e3o poder\u00e1 nunca ser responsabilidade por qualquer situa\u00e7\u00e3o derivada desta ocorr\u00eancia.\u00a0<\/p>\r\n<p style=\"font-weight: 400;\">O site GoRide Store (www.goride.pt\/store) est\u00e1 empenhado em proteger os dados pessoais dos utilizadores de todas as plataformas que comp\u00f5em este site\/projeto, bem como os dados pessoais dos respetivos titulares em todas as situa\u00e7\u00f5es em que ocorra um tratamento de dados pessoais pelas v\u00e1rias plataformas. Para o efeito serve esta pol\u00edtica de privacidade, que se compromete a respeitar as regras de prote\u00e7\u00e3o de dados pessoais atualmente em vigor.<\/p>\r\n<p style=\"font-weight: 400;\">O objetivo passa por dar a conhecer aos referidos utilizadores as regras gerais de tratamento de dados pessoais, sendo estes recolhidos e tratados no estrito respeito e cumprimento do disposto na legisla\u00e7\u00e3o de prote\u00e7\u00e3o de dados pessoais em vigor em cada momento, nomeadamente o Regulamento (UE) 2016\/679 do Parlamento Europeu e do Conselho, de 27 de abril de 2016 (\u201cRGPD\u201d).<\/p>\r\n<p style=\"font-weight: 400;\">O site GoRide Store (www.goride.pt\/store) respeita as melhores pr\u00e1ticas no dom\u00ednio da seguran\u00e7a e da prote\u00e7\u00e3o dos dados pessoais, tendo para o efeito tomado as medidas t\u00e9cnicas e organizativas necess\u00e1rias por forma a cumprir o RGPD e garantir que o tratamento dos dados pessoais \u00e9 l\u00edcito, leal, transparente e limitado \u00e0s finalidades autorizadas. O site GoRide Store (www.goride.pt\/store) est\u00e1 empenhado na prote\u00e7\u00e3o e confidencialidade dos dados pessoais, tendo adotado as medidas que considera adequadas para assegurar a exatid\u00e3o, integridade e confidencialidade dos dados pessoais, bem como, todos os demais direitos que assistem aos respetivos titulares.<\/p>\r\n<p style=\"font-weight: 400;\">Esta pol\u00edtica de prote\u00e7\u00e3o de dados aplica-se exclusivamente \u00e0 recolha e tratamento de dados pessoais relativamente aos quais o site GoRide Store (www.goride.pt\/store) \u00e9 respons\u00e1vel pelo respetivo tratamento, no \u00e2mbito dos servi\u00e7os, conte\u00fados e produtos disponibilizados e apresentados aos seus utilizadores e em todas as situa\u00e7\u00f5es em que ocorra um tratamento de dados pessoais.<\/p>\r\n<p style=\"font-weight: 400;\">Nas v\u00e1rias plataformas do site GoRide Store (www.goride.pt\/store) poder\u00e3o estar inclu\u00eddos links de acesso a outros websites que nos s\u00e3o alheios. A disponibiliza\u00e7\u00e3o de tais links \u00e9 efetuada de boa-f\u00e9, n\u00e3o podendo o site GoRide Store (www.goride.pt\/store) ser responsabilizado pela recolha e tratamento de dados pessoais efetuados atrav\u00e9s desses websites, nem assumindo qualquer responsabilidade relativamente a tais websites, nomeadamente quanto \u00e0 respetiva exatid\u00e3o, credibilidade e funcionalidades disponibilizadas nos mesmos.<\/p>\r\n<p style=\"font-weight: 400;\">Dados pessoais s\u00e3o qualquer informa\u00e7\u00e3o, de qualquer natureza e independentemente do respetivo suporte, incluindo som e imagem, relativa a uma pessoa singular identificada ou identific\u00e1vel. \u00c9 considerada identific\u00e1vel a pessoa singular que possa ser identificada, direta ou indiretamente, designadamente por refer\u00eancia a um nome, n\u00famero de identifica\u00e7\u00e3o, dados de localiza\u00e7\u00e3o, identificadores por via eletr\u00f3nica ou a um ou mais elementos espec\u00edficos da sua identidade f\u00edsica, fisiol\u00f3gica, gen\u00e9tica, mental, econ\u00f3mica, cultural ou social.<\/p>\r\n<p style=\"font-weight: 400;\">O tratamento de dados pessoais consiste numa opera\u00e7\u00e3o ou conjunto de opera\u00e7\u00f5es efetuadas sobre dados pessoais ou conjuntos de dados pessoais, atrav\u00e9s de meios automatizados, ou n\u00e3o, nomeadamente a recolha, o registo, a organiza\u00e7\u00e3o, a estrutura\u00e7\u00e3o, a conserva\u00e7\u00e3o, a adapta\u00e7\u00e3o, a recupera\u00e7\u00e3o, a consulta, a utiliza\u00e7\u00e3o, a divulga\u00e7\u00e3o, difus\u00e3o, compara\u00e7\u00e3o, interconex\u00e3o, a limita\u00e7\u00e3o, o apagamento ou a destrui\u00e7\u00e3o.<\/p>\r\n<p style=\"font-weight: 400;\">A entidade respons\u00e1vel pelo tratamento dos dados pessoais \u00e9 o site GoRide Store (www.goride.pt\/store), que assim determina as finalidades e os meios de tratamento dos mesmos. Para este efeito, caso o titular dos dados pessoais necessite de entrar em contacto com o respons\u00e1vel pelo tratamento de dados, poder\u00e1 faz\u00ea-lo atrav\u00e9s dos seguintes meios e contactos: email geral@goride.pt e contacto telef\u00f3nico 93 628 96 45.<\/p>\r\n<p style=\"font-weight: 400;\">O encarregado da prote\u00e7\u00e3o de dados desempenha um papel relevante no tratamento dos dados pessoais, garantindo, entre outros aspetos, a conformidade dos tratamentos de dados com a legisla\u00e7\u00e3o em vigor, procedendo \u00e0 verifica\u00e7\u00e3o do cumprimento desta pol\u00edtica de prote\u00e7\u00e3o de dados e definindo regras claras de tratamento de dados pessoais, assegurando que todos os que lhe confiam o tratamento dos seus dados pessoais, tenham conhecimento da forma como as v\u00e1rias plataformas tratam os mesmos e quais os direitos que lhes assistem nesta mat\u00e9ria.<\/p>\r\n<p style=\"font-weight: 400;\">O site GoRide Store (www.goride.pt\/store), no \u00e2mbito das atividades que desenvolve, procede ao tratamento dos dados pessoais necess\u00e1rios \u00e0 divulga\u00e7\u00e3o de conte\u00fados e informa\u00e7\u00f5es, \u00e0 presta\u00e7\u00e3o de servi\u00e7os e\/ou fornecimento de produtos, bem como ao n\u00edvel da interven\u00e7\u00e3o social, tratando dados como o nome, a morada, o n\u00famero de telefone e o endere\u00e7o de correio eletr\u00f3nico, conforme informa\u00e7\u00e3o mais detalhada disponibilizada aos titulares de dados pessoais.<\/p>\r\n<p style=\"font-weight: 400;\">Sem preju\u00edzo do cumprimento das normas legais relativas \u00e0 conserva\u00e7\u00e3o e transmiss\u00e3o de dados para fins de investiga\u00e7\u00e3o, dete\u00e7\u00e3o, repress\u00e3o de crimes graves, bem como de outros tratamentos a que se encontre legalmente obrigada, os dados de tr\u00e1fego, localiza\u00e7\u00e3o geogr\u00e1fica, perfil e ou consumo dos utilizadores ser\u00e3o tratados pelos respons\u00e1veis pelo projeto. Desta forma, com base na localiza\u00e7\u00e3o, perfil e\/ou consumo, o utilizador ter\u00e1 acesso, nomeadamente, a funcionalidades espec\u00edficas dos servi\u00e7os, a sugest\u00f5es de conte\u00fados e a servi\u00e7os informativos de proximidade. A informa\u00e7\u00e3o sobre a localiza\u00e7\u00e3o pode tamb\u00e9m ser registada e transmitida \u00e0s organiza\u00e7\u00f5es com compet\u00eancia legal para receber chamadas de emerg\u00eancia, para efeitos de resposta \u00e0s chamadas recebidas. Os dados pessoais, de tr\u00e1fego, localiza\u00e7\u00e3o geogr\u00e1fica, perfil e\/ou consumo s\u00e3o igualmente tratados para fins de marketing ou divulga\u00e7\u00e3o de ofertas de bens ou servi\u00e7os associados ao site GoRide Store (www.goride.pt\/store), caso o respetivo titular o tenha autorizado.<\/p>\r\n<p style=\"font-weight: 400;\">Os dados pessoais s\u00e3o recolhidos por escrito atrav\u00e9s das diversas plataformas do site GoRide Store (www.goride.pt\/store), ou atrav\u00e9s das eventuais \u00e1reas de cliente integradas nestas plataformas, garantindo, sempre que necess\u00e1rio, o pr\u00e9vio consentimento do titular dos dados pessoais. Alguns dados pessoais s\u00e3o indispens\u00e1veis \u00e0 execu\u00e7\u00e3o dos contratos de v\u00e1rios tipos e, em caso de falta ou insufici\u00eancia dos mesmos, o site GoRide Store (www.goride.pt\/store) n\u00e3o poder\u00e1 disponibilizar o produto ou servi\u00e7o em causa, ou proceder \u00e0 divulga\u00e7\u00e3o de conte\u00fados.<\/p>\r\n<p style=\"font-weight: 400;\">Caso o titular dos dados pessoais n\u00e3o seja utilizador do site GoRide Store (www.goride.pt\/store), os respetivos dados pessoais apenas ser\u00e3o tratados quando s\u00e3o disponibilizados, designadamente atrav\u00e9s da subscri\u00e7\u00e3o do envio de newsletters, caso em que se aplicar\u00e3o as regras desta pol\u00edtica de prote\u00e7\u00e3o de dados.<\/p>\r\n<p style=\"font-weight: 400;\">Os dados pessoais recolhidos podem ser tratados informaticamente e de forma automatizada ou n\u00e3o automatizada, garantindo em todos os casos o estrito cumprimento da legisla\u00e7\u00e3o de prote\u00e7\u00e3o de dados pessoais, sendo armazenados em bases de dados espec\u00edficas, criadas para o efeito e, em situa\u00e7\u00e3o alguma, os dados recolhidos ser\u00e3o utilizados para outra finalidade que n\u00e3o seja aquela para a qual foram recolhidos ou dado o consentimento por parte do titular dos dados.<\/p>\r\n<p style=\"font-weight: 400;\">Sem preju\u00edzo dos destinat\u00e1rios indicados ao longo desta pol\u00edtica de prote\u00e7\u00e3o de dados, o site GoRide Store (www.goride.pt\/store) poder\u00e1 comunicar os dados pessoais do utilizador com a finalidade do cumprimento de obriga\u00e7\u00f5es legais, nomeadamente a entidades policiais, judiciais, fiscais e reguladoras.<\/p>\r\n<p style=\"font-weight: 400;\">Em geral, os dados pessoais recolhidos t\u00eam como fundamento e destinam-se \u00e0 gest\u00e3o da rela\u00e7\u00e3o contratual, \u00e0 divulga\u00e7\u00e3o e transmiss\u00e3o de conte\u00fados e\/ou informa\u00e7\u00e3o, \u00e0 presta\u00e7\u00e3o dos servi\u00e7os contratados, \u00e0 adequa\u00e7\u00e3o dos servi\u00e7os \u00e0s necessidades e interesses do cliente\/utilizador, nomeadamente para efeitos de acesso a funcionalidades espec\u00edficas dos servi\u00e7os, a sugest\u00f5es de conte\u00fados, e a\u00e7\u00f5es de informa\u00e7\u00e3o e marketing. Adicionalmente, os dados pessoais poder\u00e3o, ainda, ser tratados para efeitos de cumprimento de obriga\u00e7\u00f5es legais e para fins de investiga\u00e7\u00e3o, dete\u00e7\u00e3o e repress\u00e3o de crimes graves.<\/p>\r\n<p style=\"font-weight: 400;\">O per\u00edodo de tempo durante o qual os dados pessoais s\u00e3o armazenados e conservados varia de acordo com a finalidade para a qual a informa\u00e7\u00e3o \u00e9 tratada.\u00a0Efetivamente, existem requisitos legais que obrigam a conservar os dados por um per\u00edodo de tempo m\u00ednimo. Assim, e sempre que n\u00e3o exista uma exig\u00eancia legal espec\u00edfica, os dados ser\u00e3o armazenados e conservados apenas pelo per\u00edodo m\u00ednimo necess\u00e1rio para a prossecu\u00e7\u00e3o das finalidades que motivaram a sua recolha ou o seu posterior tratamento, nos termos definidos na lei.<\/p>\r\n<p style=\"font-weight: 400;\">Enquanto titulares dos dados pessoais, \u00e9 garantido aos utilizadores, a qualquer momento, o direito de acesso, retifica\u00e7\u00e3o, atualiza\u00e7\u00e3o, limita\u00e7\u00e3o e apagamento dos seus dados pessoais (salvo quanto aos dados que s\u00e3o indispens\u00e1veis \u00e0 presta\u00e7\u00e3o dos servi\u00e7os pelo site GoRide Store (www.goride.pt\/store)), o direito de oposi\u00e7\u00e3o \u00e0 utiliza\u00e7\u00e3o dos mesmos para fins comerciais e \u00e0 retirada do consentimento, sem que tal comprometa a licitude do tratamento efetuado ao abrigo desse consentimento, bem como o direito \u00e0 portabilidade dos dados.<\/p>\r\n<p style=\"font-weight: 400;\">Sem preju\u00edzo do disposto no RGPD, o titular dos dados pessoais poder\u00e1 aceder, atualizar, limitar, apagar ou opor-se a este tratamento de dados pessoais, diretamente ou mediante pedido por escrito, dirigido ao respetivo pespons\u00e1vel pelo tratamento, atrav\u00e9s dos contactos disponibilizados para o efeito no presente documento, bem como demais contactos disponibilizados. Caso o titular de dados pessoais n\u00e3o pretenda continuar a rececionar comunica\u00e7\u00f5es pode, a qualquer momento, retirar o seu consentimento \u00e0 utiliza\u00e7\u00e3o dos seus dados para fins de marketing.<\/p>\r\n<p style=\"font-weight: 400;\">Sem preju\u00edzo de poder apresentar reclama\u00e7\u00f5es diretamente atrav\u00e9s dos contactos disponibilizados para o efeito, o utilizador pode reclamar diretamente para a Autoridade de Controlo, que \u00e9 a Comiss\u00e3o Nacional de Prote\u00e7\u00e3o de Dados (CNPD), utilizando os contactos disponibilizados por esta entidade para o efeito.<\/p>\r\n<p style=\"font-weight: 400;\">O site GoRide Store (www.goride.pt\/store) assume o compromisso de garantir a prote\u00e7\u00e3o da seguran\u00e7a dos dados pessoais que lhe s\u00e3o disponibilizados, tendo aprovado e implementado rigorosas regras nesta mat\u00e9ria. O cumprimento destas regras constitui uma obriga\u00e7\u00e3o de todos aqueles que legalmente aos mesmos acedem.<\/p>\r\n<p style=\"font-weight: 400;\">Tendo presente a preocupa\u00e7\u00e3o e empenho revelado na defesa dos dados pessoais, foram adotadas diversas medidas de seguran\u00e7a, de car\u00e1cter t\u00e9cnico e organizativo, de forma a proteger os dados pessoais que lhe s\u00e3o disponibilizados contra a sua difus\u00e3o, perda, uso indevido, altera\u00e7\u00e3o, tratamento ou acesso n\u00e3o autorizado, bem como contra qualquer outra forma de tratamento il\u00edcito.<\/p>\r\n<p style=\"font-weight: 400;\">Neste sentido, em todos as plataformas do site GoRide Store (www.goride.pt\/store), os formul\u00e1rios de recolha de dados pessoais obrigam a sess\u00f5es encriptadas do browser e todos os dados pessoais cedidos ficam armazenados de forma segura nos sistemas selecionados pelo site GoRide Store (www.goride.pt\/store), que, por sua vez, se encontram nos servi\u00e7os da plataforma Mailchimp [servi\u00e7o tercearizado], a coberto de todas as medidas de seguran\u00e7a f\u00edsicas e l\u00f3gicas que a essa entidade entende serem indispens\u00e1veis \u00e0 prote\u00e7\u00e3o dos dados pessoais.<\/p>\r\n<p style=\"font-weight: 400;\">N\u00e3o obstante as medidas de seguran\u00e7a adotadas, alertarmos os visitantes que navegam na Internet que devem adotar medidas adicionais de seguran\u00e7a, designadamente, assegurar que utilizam um dispositivo e um browser atualizados no que toca a sistemas de seguran\u00e7a adequadamente configurados, com firewall ativa, antiv\u00edrus e anti-spyware e que se certifiquem da autenticidade dos sites que visitam na internet, devendo evitar websites em cuja reputa\u00e7\u00e3o n\u00e3o confiem.<\/p>\r\n<p style=\"font-weight: 400;\">No \u00e2mbito da sua atividade, o site GoRide Store (www.goride.pt\/store) poder\u00e1 recorrer a terceiros para a presta\u00e7\u00e3o de determinados servi\u00e7os. Assim, qualquer entidade subcontratada tratar\u00e1 os dados dos utilizadores, em nome e por conta do site GoRide Store (www.goride.pt\/store), e adotando medidas t\u00e9cnicas e organizacionais necess\u00e1rias de forma a proteger os dados pessoais contra a destrui\u00e7\u00e3o, acidental ou il\u00edcita, a perda acidental, a altera\u00e7\u00e3o, a difus\u00e3o ou o acesso n\u00e3o autorizado e contra qualquer outra forma de tratamento il\u00edcito. Isto podes implicar a transfer\u00eancia dos dados para fora de Portugal, incluindo para fora da Uni\u00e3o Europeia ou para organiza\u00e7\u00f5es internacionais.<\/p>\r\n<p style=\"font-weight: 400;\">Em tal caso, ser\u00e3o cumpridas rigorosamente as disposi\u00e7\u00f5es legais aplic\u00e1veis, nomeadamente quanto \u00e0 determina\u00e7\u00e3o da adequabilidade do(s) pa\u00eds(es) de destino no que respeita a prote\u00e7\u00e3o de dados pessoais e aos requisitos aplic\u00e1veis a tais transfer\u00eancias, incluindo, sempre que aplic\u00e1vel, a celebra\u00e7\u00e3o dos instrumentos contratuais adequados e que garantem e respeitam as exig\u00eancias legais em vigor.<\/p>\r\n<p style=\"font-weight: 400;\">Cookies s\u00e3o pequenos elementos de software que s\u00e3o armazenados no dispositivo atrav\u00e9s do browser, retendo apenas informa\u00e7\u00e3o relacionada com as prefer\u00eancias, n\u00e3o incluindo, como tal, os dados pessoais. Para saber mais sobre cookies, consultar os termos e condi\u00e7\u00f5es vigentes nas plataformas do site GoRide Store (www.goride.pt\/store).<\/p>\r\n<p style=\"font-weight: 400;\">O site GoRide Store (www.goride.pt\/store) reserva-se ao direito de, a qualquer altura, proceder a reajustamentos ou altera\u00e7\u00f5es \u00e0 presente pol\u00edtica de prote\u00e7\u00e3o de dados pessoais, sendo essas altera\u00e7\u00f5es devidamente publicitadas nos diversos canais de comunica\u00e7\u00e3o de cada plataforma constituinte. A interpreta\u00e7\u00e3o destes termos e condi\u00e7\u00f5es de utiliza\u00e7\u00e3o \u00e9 exclusiva do site GoRide Store (www.goride.pt\/store), que se reserva ao direito de modific\u00e1-los a qualquer momento e sem aviso pr\u00e9vio. A plataforma tamb\u00e9m est\u00e1 conforme o novo Regulamento Geral de Protec\u00e7\u00e3o de Dados, em vigor a partir de 25 de Maio de 2018.<\/p>\r\n","protected":false},"excerpt":{"rendered":"<p>Ao aceder e utilizar os servi\u00e7os do site GoRide Store (www.goride.pt\/store), o utilizador\/visitante aceita vincular-se \u00e0 presente pol\u00edtica de privacidade, pelo que a dever\u00e1 ler atentamente. Caso n\u00e3o concordes com a presente pol\u00edtica de privacidade n\u00e3o dever\u00e1s aceder a este site, inserir dados ou utilizar de forma alguma o presente site\/plataforma. O site GoRide Store [&hellip;]<\/p>\n","protected":false},"author":1,"featured_media":0,"parent":0,"menu_order":0,"comment_status":"closed","ping_status":"open","template":"","meta":{"footnotes":""},"class_list":["post-3","page","type-page","status-publish","hentry"],"yoast_head":"<!-- This site is optimized with the Yoast SEO plugin v21.6 - https:\/\/yoast.com\/wordpress\/plugins\/seo\/ -->\n<title>Pol\u00edtica de privacidade - GoRide Store<\/title>\n<meta name=\"robots\" content=\"index, follow, max-snippet:-1, max-image-preview:large, max-video-preview:-1\" \/>\n<link rel=\"canonical\" href=\"https:\/\/www.goride.pt\/store\/politica-privacidade\/\" \/>\n<meta property=\"og:locale\" content=\"pt_PT\" \/>\n<meta property=\"og:type\" content=\"article\" \/>\n<meta property=\"og:title\" content=\"Pol\u00edtica de privacidade - GoRide Store\" \/>\n<meta property=\"og:description\" content=\"Ao aceder e utilizar os servi\u00e7os do site GoRide Store (www.goride.pt\/store), o utilizador\/visitante aceita vincular-se \u00e0 presente pol\u00edtica de privacidade, pelo que a dever\u00e1 ler atentamente. Caso n\u00e3o concordes com a presente pol\u00edtica de privacidade n\u00e3o dever\u00e1s aceder a este site, inserir dados ou utilizar de forma alguma o presente site\/plataforma. O site GoRide Store [&hellip;]\" \/>\n<meta property=\"og:url\" content=\"https:\/\/www.goride.pt\/store\/politica-privacidade\/\" \/>\n<meta property=\"og:site_name\" content=\"GoRide Store\" \/>\n<meta property=\"article:modified_time\" content=\"2023-05-31T10:34:14+00:00\" \/>\n<meta name=\"twitter:card\" content=\"summary_large_image\" \/>\n<meta name=\"twitter:label1\" content=\"Tempo estimado de leitura\" \/>\n\t<meta name=\"twitter:data1\" content=\"12 minutos\" \/>\n<script type=\"application\/ld+json\" class=\"yoast-schema-graph\">{\"@context\":\"https:\/\/schema.org\",\"@graph\":[{\"@type\":\"WebPage\",\"@id\":\"https:\/\/www.goride.pt\/store\/politica-privacidade\/\",\"url\":\"https:\/\/www.goride.pt\/store\/politica-privacidade\/\",\"name\":\"Pol\u00edtica de privacidade - GoRide Store\",\"isPartOf\":{\"@id\":\"https:\/\/www.goride.pt\/store\/#website\"},\"datePublished\":\"2023-05-13T15:46:04+00:00\",\"dateModified\":\"2023-05-31T10:34:14+00:00\",\"breadcrumb\":{\"@id\":\"https:\/\/www.goride.pt\/store\/politica-privacidade\/#breadcrumb\"},\"inLanguage\":\"pt-PT\",\"potentialAction\":[{\"@type\":\"ReadAction\",\"target\":[\"https:\/\/www.goride.pt\/store\/politica-privacidade\/\"]}]},{\"@type\":\"BreadcrumbList\",\"@id\":\"https:\/\/www.goride.pt\/store\/politica-privacidade\/#breadcrumb\",\"itemListElement\":[{\"@type\":\"ListItem\",\"position\":1,\"name\":\"In\u00edcio\",\"item\":\"https:\/\/www.goride.pt\/store\/\"},{\"@type\":\"ListItem\",\"position\":2,\"name\":\"Pol\u00edtica de privacidade\"}]},{\"@type\":\"WebSite\",\"@id\":\"https:\/\/www.goride.pt\/store\/#website\",\"url\":\"https:\/\/www.goride.pt\/store\/\",\"name\":\"GoRide Store\",\"description\":\"Equipamentos e merchandising GoRide\",\"publisher\":{\"@id\":\"https:\/\/www.goride.pt\/store\/#organization\"},\"potentialAction\":[{\"@type\":\"SearchAction\",\"target\":{\"@type\":\"EntryPoint\",\"urlTemplate\":\"https:\/\/www.goride.pt\/store\/?s={search_term_string}\"},\"query-input\":\"required name=search_term_string\"}],\"inLanguage\":\"pt-PT\"},{\"@type\":\"Organization\",\"@id\":\"https:\/\/www.goride.pt\/store\/#organization\",\"name\":\"GoRide\",\"url\":\"https:\/\/www.goride.pt\/store\/\",\"logo\":{\"@type\":\"ImageObject\",\"inLanguage\":\"pt-PT\",\"@id\":\"https:\/\/www.goride.pt\/store\/#\/schema\/logo\/image\/\",\"url\":\"https:\/\/www.goride.pt\/store\/wp-content\/uploads\/2023\/05\/GoRide_Final_2021a.png\",\"contentUrl\":\"https:\/\/www.goride.pt\/store\/wp-content\/uploads\/2023\/05\/GoRide_Final_2021a.png\",\"width\":3004,\"height\":612,\"caption\":\"GoRide\"},\"image\":{\"@id\":\"https:\/\/www.goride.pt\/store\/#\/schema\/logo\/image\/\"}}]}<\/script>\n<!-- \/ Yoast SEO plugin. -->","yoast_head_json":{"title":"Pol\u00edtica de privacidade - GoRide Store","robots":{"index":"index","follow":"follow","max-snippet":"max-snippet:-1","max-image-preview":"max-image-preview:large","max-video-preview":"max-video-preview:-1"},"canonical":"https:\/\/www.goride.pt\/store\/politica-privacidade\/","og_locale":"pt_PT","og_type":"article","og_title":"Pol\u00edtica de privacidade - GoRide Store","og_description":"Ao aceder e utilizar os servi\u00e7os do site GoRide Store (www.goride.pt\/store), o utilizador\/visitante aceita vincular-se \u00e0 presente pol\u00edtica de privacidade, pelo que a dever\u00e1 ler atentamente. Caso n\u00e3o concordes com a presente pol\u00edtica de privacidade n\u00e3o dever\u00e1s aceder a este site, inserir dados ou utilizar de forma alguma o presente site\/plataforma. O site GoRide Store [&hellip;]","og_url":"https:\/\/www.goride.pt\/store\/politica-privacidade\/","og_site_name":"GoRide Store","article_modified_time":"2023-05-31T10:34:14+00:00","twitter_card":"summary_large_image","twitter_misc":{"Tempo estimado de leitura":"12 minutos"},"schema":{"@context":"https:\/\/schema.org","@graph":[{"@type":"WebPage","@id":"https:\/\/www.goride.pt\/store\/politica-privacidade\/","url":"https:\/\/www.goride.pt\/store\/politica-privacidade\/","name":"Pol\u00edtica de privacidade - GoRide Store","isPartOf":{"@id":"https:\/\/www.goride.pt\/store\/#website"},"datePublished":"2023-05-13T15:46:04+00:00","dateModified":"2023-05-31T10:34:14+00:00","breadcrumb":{"@id":"https:\/\/www.goride.pt\/store\/politica-privacidade\/#breadcrumb"},"inLanguage":"pt-PT","potentialAction":[{"@type":"ReadAction","target":["https:\/\/www.goride.pt\/store\/politica-privacidade\/"]}]},{"@type":"BreadcrumbList","@id":"https:\/\/www.goride.pt\/store\/politica-privacidade\/#breadcrumb","itemListElement":[{"@type":"ListItem","position":1,"name":"In\u00edcio","item":"https:\/\/www.goride.pt\/store\/"},{"@type":"ListItem","position":2,"name":"Pol\u00edtica de privacidade"}]},{"@type":"WebSite","@id":"https:\/\/www.goride.pt\/store\/#website","url":"https:\/\/www.goride.pt\/store\/","name":"GoRide Store","description":"Equipamentos e merchandising GoRide","publisher":{"@id":"https:\/\/www.goride.pt\/store\/#organization"},"potentialAction":[{"@type":"SearchAction","target":{"@type":"EntryPoint","urlTemplate":"https:\/\/www.goride.pt\/store\/?s={search_term_string}"},"query-input":"required name=search_term_string"}],"inLanguage":"pt-PT"},{"@type":"Organization","@id":"https:\/\/www.goride.pt\/store\/#organization","name":"GoRide","url":"https:\/\/www.goride.pt\/store\/","logo":{"@type":"ImageObject","inLanguage":"pt-PT","@id":"https:\/\/www.goride.pt\/store\/#\/schema\/logo\/image\/","url":"https:\/\/www.goride.pt\/store\/wp-content\/uploads\/2023\/05\/GoRide_Final_2021a.png","contentUrl":"https:\/\/www.goride.pt\/store\/wp-content\/uploads\/2023\/05\/GoRide_Final_2021a.png","width":3004,"height":612,"caption":"GoRide"},"image":{"@id":"https:\/\/www.goride.pt\/store\/#\/schema\/logo\/image\/"}}]}},"_links":{"self":[{"href":"https:\/\/www.goride.pt\/store\/wp-json\/wp\/v2\/pages\/3","targetHints":{"allow":["GET"]}}],"collection":[{"href":"https:\/\/www.goride.pt\/store\/wp-json\/wp\/v2\/pages"}],"about":[{"href":"https:\/\/www.goride.pt\/store\/wp-json\/wp\/v2\/types\/page"}],"author":[{"embeddable":true,"href":"https:\/\/www.goride.pt\/store\/wp-json\/wp\/v2\/users\/1"}],"replies":[{"embeddable":true,"href":"https:\/\/www.goride.pt\/store\/wp-json\/wp\/v2\/comments?post=3"}],"version-history":[{"count":2,"href":"https:\/\/www.goride.pt\/store\/wp-json\/wp\/v2\/pages\/3\/revisions"}],"predecessor-version":[{"id":117809,"href":"https:\/\/www.goride.pt\/store\/wp-json\/wp\/v2\/pages\/3\/revisions\/117809"}],"wp:attachment":[{"href":"https:\/\/www.goride.pt\/store\/wp-json\/wp\/v2\/media?parent=3"}],"curies":[{"name":"wp","href":"https:\/\/api.w.org\/{rel}","templated":true}]}}