{"id":2,"date":"2023-05-13T15:46:04","date_gmt":"2023-05-13T15:46:04","guid":{"rendered":"https:\/\/www.goride.pt\/store\/?page_id=2"},"modified":"2023-10-11T08:59:42","modified_gmt":"2023-10-11T08:59:42","slug":"termos-e-condicoes-de-utilizacao","status":"publish","type":"page","link":"https:\/\/www.goride.pt\/store\/termos-e-condicoes-de-utilizacao\/","title":{"rendered":"Termos e condi\u00e7\u00f5es de utiliza\u00e7\u00e3o"},"content":{"rendered":"\r\n<p>Ao aceder e utilizar os servi\u00e7os do site GoRide Store (www.goride.pt\/store), o utilizador\/visitante aceita vincular-se aos presentes termos e condi\u00e7\u00f5es de utiliza\u00e7\u00e3o, pelo que dever\u00e1 ler os mesmos atentamente. Caso n\u00e3o concordes com os presentes termos e condi\u00e7\u00f5es de utiliza\u00e7\u00e3o n\u00e3o dever\u00e1s aceder a este site, inserir dados ou utilizar de forma alguma o presente site\/plataforma.<\/p>\r\n<p><strong>REGISTO DE UTILIZADOR<\/strong><\/p>\r\n<p>Podes navegar no site livremente, mas antes de fazeres a primeira encomenda deves registar-te no site GoRide Store (www.goride.pt\/store). O registo \u00e9 um processo simples e r\u00e1pido.<\/p>\r\n<p>Deves adicionar os produtos que pretendes ao carrinho de compras. Assim que tenhas todos os produtos adicionados basta finalizares a encomenda indicando a morada de entrega e fatura\u00e7\u00e3o.<\/p>\r\n<p>A conta de utilizador ficar\u00e1 automaticamente criada, sendo que podes igualmente cri\u00e1-la sem encomenda associada atrav\u00e9s da op\u00e7\u00e3o de registo de novo utilizador.<\/p>\r\n<p><strong>PRE\u00c7OS E PORTES DE ENVIO<\/strong><\/p>\r\n<p>Os pre\u00e7os apresentados em todos os produtos dispon\u00edveis na loja online s\u00e3o os pre\u00e7os finais de venda, excluindo os portes de envio.<\/p>\r\n<p>Os pre\u00e7os apresentados incluem IVA \u00e0 taxa legal em vigor.<\/p>\r\n<p>Os portes de envio s\u00e3o calculados no fim da encomenda e podem variar consoante o peso total da encomenda.<\/p>\r\n<p><strong>ENVIO DAS ENCOMENDAS<\/strong><\/p>\r\n<p>Ap\u00f3s confirmada uma encomenda (ou assim que recebermos o respetivo comprovativo de pagamento) e a respetiva disponibilidade em stock, o envio decorre entre 3 a 7 dias \u00fateis ap\u00f3s essa confirma\u00e7\u00e3o. O envio \u00e9 sempre efetuado por CTT. Se por algum motivo o prazo de envio for maior que o indicado, essa indica\u00e7\u00e3o com a devida anteced\u00eancia e atrav\u00e9s de contacto da nossa parte.<\/p>\r\n<p>Assim que a encomenda for enviada, ser\u00e1 enviado um e-mail com o n\u00famero de registo da encomenda. Com o n\u00famero de registo poder\u00e1s acompanhar a entrega da encomenda no site dos CTT (ou de outra empresa prestadora de servi\u00e7o equivalente). Qualquer atraso ou altera\u00e7\u00e3o dos prazos referidos por altera\u00e7\u00f5es internas aos CTT ou a essas empresas n\u00e3o s\u00e3o da responsabilidade do site GoRide Store (www.goride.pt\/store). Em alturas festivas ou de greve esse prazo poder\u00e1 sofrer atrasos, pelo que n\u00e3o ser\u00e1 da responsabilidade do site GoRide Store (www.goride.pt\/store).<\/p>\r\n<p>Ap\u00f3s envio do n\u00famero de registo da encomenda, o cliente \u00e9 respons\u00e1vel por acompanhar a entrega ou estado da encomenda no site dos CTT (ou de empresa prestadora de servi\u00e7o equivalente) e\/ou por levantar a encomenda no prazo indicado e no local indicado, caso esta n\u00e3o lhe seja entregue pessoalmente.<\/p>\r\n<p>No caso da encomenda ser devolvida ao remetente, por qualquer raz\u00e3o, o reenvio s\u00f3 ser\u00e1 feito mediante novo pagamento dos portes de envio. Nestes casos entrarmos em contacto para agilizar e resolver cada situa\u00e7\u00e3o.<\/p>\r\n<p>Se no momento da realiza\u00e7\u00e3o de uma encomenda existirem produtos com diferentes prazos estimados de entrega associado, a mesma ser\u00e1 apenas expedida como um todo apenas ap\u00f3s a disponiblidade de todos os produtos. Entramos em contacto contigo para esclarecimento da situa\u00e7\u00e3o.<\/p>\r\n<p>Em caso de a encomenda ficar incompleta devido a rutura de stock, entramos em contacto contigo para cancelamento da encomenda e respetiva devolu\u00e7\u00e3o do valor associado.\u00a0<\/p>\r\n<p><strong>DEVOLU\u00c7\u00d5ES<\/strong><\/p>\r\n<p>Por raz\u00f5es de higiente, o site GoRide Store (www.goride.pt\/store) n\u00e3o aceita a devolu\u00e7\u00e3o dos produtos comprados pelos seus clientes. Antes de encomendares qualquer produto, verifica com aten\u00e7\u00e3o as tabelas de tamanhos e se \u00e9 exatamente o que pretendes adquirir. Por raz\u00f5es de higiene, o site GoRide Store (www.goride.pt\/store) n\u00e3o procede a trocas de produtos e\/ou devolu\u00e7\u00f5es. Em caso de d\u00favida podes sempre entrar em contacto connosco.<\/p>\r\n<p>Ao comprar, o cliente tem acesso a imagens exemplificativas do produto final e\/ou tem acesso a imagens nesse sentido, pelo que concorda que esse produto seja entregue conforme \u00e9 visualizado e\/ou seja produzido de forma \u00fanica e exclusiva com essa imagem e com a personaliza\u00e7\u00e3o que indicou.<\/p>\r\n<p>Ao receberes os produtos, verifica com aten\u00e7\u00e3o o seu estado e se est\u00e1 tudo conforme a encomenda. Por favor em contacto connosco mediante qualquer situa\u00e7\u00e3o anormal.<\/p>\r\n<p><strong>MEIOS DE PAGAMENTO<\/strong><\/p>\r\n<p>Podes efetuar o pagamento das tuas encomendas atrav\u00e9s de um dos seguintes meios de pagamento: MBway ou transfer\u00eancia banc\u00e1ria. Em breve disponibilizaremos meios de pagamento por cart\u00e3o de cr\u00e9dito, PayPal e refer\u00eancia MB.\u00a0<\/p>\r\n<p><strong>OUTROS ASSUNTOS<\/strong><\/p>\r\n<p>A qualquer momento, caso haja alguma d\u00favida relativa a encomendas, podes contactar-nos atrav\u00e9s do respetivo formul\u00e1rio de contacto ou atrav\u00e9s do email store@goride.pt (ou geral@goride.pt).<\/p>\r\n<p>Podem ocorrer erros de stock no site GoRide Store (www.goride.pt\/store).<\/p>\r\n<p>Devido a eventuais altera\u00e7\u00f5es da parte de fornecedores ou fabricantes de produtos, as imagens no site GoRide Store (www.goride.pt\/store) podem n\u00e3o corresponder exactamente \u00e0s do produto real, mantendo-se constantes as caracter\u00edsticas do mesmo. O site GoRide Store (www.goride.pt\/store) n\u00e3o pode ser responsabilizado por lapsos nas imagens e nas descri\u00e7\u00f5es de produto.<\/p>\r\n","protected":false},"excerpt":{"rendered":"<p>Ao aceder e utilizar os servi\u00e7os do site GoRide Store (www.goride.pt\/store), o utilizador\/visitante aceita vincular-se aos presentes termos e condi\u00e7\u00f5es de utiliza\u00e7\u00e3o, pelo que dever\u00e1 ler os mesmos atentamente. Caso n\u00e3o concordes com os presentes termos e condi\u00e7\u00f5es de utiliza\u00e7\u00e3o n\u00e3o dever\u00e1s aceder a este site, inserir dados ou utilizar de forma alguma o presente [&hellip;]<\/p>\n","protected":false},"author":1,"featured_media":0,"parent":0,"menu_order":0,"comment_status":"closed","ping_status":"open","template":"","meta":{"footnotes":""},"class_list":["post-2","page","type-page","status-publish","hentry"],"yoast_head":"<!-- This site is optimized with the Yoast SEO plugin v21.6 - https:\/\/yoast.com\/wordpress\/plugins\/seo\/ -->\n<title>Termos e condi\u00e7\u00f5es de utiliza\u00e7\u00e3o - GoRide Store<\/title>\n<meta name=\"robots\" content=\"index, follow, max-snippet:-1, max-image-preview:large, max-video-preview:-1\" \/>\n<link rel=\"canonical\" href=\"https:\/\/www.goride.pt\/store\/termos-e-condicoes-de-utilizacao\/\" \/>\n<meta property=\"og:locale\" content=\"pt_PT\" \/>\n<meta property=\"og:type\" content=\"article\" \/>\n<meta property=\"og:title\" content=\"Termos e condi\u00e7\u00f5es de utiliza\u00e7\u00e3o - GoRide Store\" \/>\n<meta property=\"og:description\" content=\"Ao aceder e utilizar os servi\u00e7os do site GoRide Store (www.goride.pt\/store), o utilizador\/visitante aceita vincular-se aos presentes termos e condi\u00e7\u00f5es de utiliza\u00e7\u00e3o, pelo que dever\u00e1 ler os mesmos atentamente. Caso n\u00e3o concordes com os presentes termos e condi\u00e7\u00f5es de utiliza\u00e7\u00e3o n\u00e3o dever\u00e1s aceder a este site, inserir dados ou utilizar de forma alguma o presente [&hellip;]\" \/>\n<meta property=\"og:url\" content=\"https:\/\/www.goride.pt\/store\/termos-e-condicoes-de-utilizacao\/\" \/>\n<meta property=\"og:site_name\" content=\"GoRide Store\" \/>\n<meta property=\"article:modified_time\" content=\"2023-10-11T08:59:42+00:00\" \/>\n<meta name=\"twitter:card\" content=\"summary_large_image\" \/>\n<meta name=\"twitter:label1\" content=\"Tempo estimado de leitura\" \/>\n\t<meta name=\"twitter:data1\" content=\"5 minutos\" \/>\n<script type=\"application\/ld+json\" class=\"yoast-schema-graph\">{\"@context\":\"https:\/\/schema.org\",\"@graph\":[{\"@type\":\"WebPage\",\"@id\":\"https:\/\/www.goride.pt\/store\/termos-e-condicoes-de-utilizacao\/\",\"url\":\"https:\/\/www.goride.pt\/store\/termos-e-condicoes-de-utilizacao\/\",\"name\":\"Termos e condi\u00e7\u00f5es de utiliza\u00e7\u00e3o - GoRide Store\",\"isPartOf\":{\"@id\":\"https:\/\/www.goride.pt\/store\/#website\"},\"datePublished\":\"2023-05-13T15:46:04+00:00\",\"dateModified\":\"2023-10-11T08:59:42+00:00\",\"breadcrumb\":{\"@id\":\"https:\/\/www.goride.pt\/store\/termos-e-condicoes-de-utilizacao\/#breadcrumb\"},\"inLanguage\":\"pt-PT\",\"potentialAction\":[{\"@type\":\"ReadAction\",\"target\":[\"https:\/\/www.goride.pt\/store\/termos-e-condicoes-de-utilizacao\/\"]}]},{\"@type\":\"BreadcrumbList\",\"@id\":\"https:\/\/www.goride.pt\/store\/termos-e-condicoes-de-utilizacao\/#breadcrumb\",\"itemListElement\":[{\"@type\":\"ListItem\",\"position\":1,\"name\":\"In\u00edcio\",\"item\":\"https:\/\/www.goride.pt\/store\/\"},{\"@type\":\"ListItem\",\"position\":2,\"name\":\"Termos e condi\u00e7\u00f5es de utiliza\u00e7\u00e3o\"}]},{\"@type\":\"WebSite\",\"@id\":\"https:\/\/www.goride.pt\/store\/#website\",\"url\":\"https:\/\/www.goride.pt\/store\/\",\"name\":\"GoRide Store\",\"description\":\"Equipamentos e merchandising GoRide\",\"publisher\":{\"@id\":\"https:\/\/www.goride.pt\/store\/#organization\"},\"potentialAction\":[{\"@type\":\"SearchAction\",\"target\":{\"@type\":\"EntryPoint\",\"urlTemplate\":\"https:\/\/www.goride.pt\/store\/?s={search_term_string}\"},\"query-input\":\"required name=search_term_string\"}],\"inLanguage\":\"pt-PT\"},{\"@type\":\"Organization\",\"@id\":\"https:\/\/www.goride.pt\/store\/#organization\",\"name\":\"GoRide\",\"url\":\"https:\/\/www.goride.pt\/store\/\",\"logo\":{\"@type\":\"ImageObject\",\"inLanguage\":\"pt-PT\",\"@id\":\"https:\/\/www.goride.pt\/store\/#\/schema\/logo\/image\/\",\"url\":\"https:\/\/www.goride.pt\/store\/wp-content\/uploads\/2023\/05\/GoRide_Final_2021a.png\",\"contentUrl\":\"https:\/\/www.goride.pt\/store\/wp-content\/uploads\/2023\/05\/GoRide_Final_2021a.png\",\"width\":3004,\"height\":612,\"caption\":\"GoRide\"},\"image\":{\"@id\":\"https:\/\/www.goride.pt\/store\/#\/schema\/logo\/image\/\"}}]}<\/script>\n<!-- \/ Yoast SEO plugin. -->","yoast_head_json":{"title":"Termos e condi\u00e7\u00f5es de utiliza\u00e7\u00e3o - GoRide Store","robots":{"index":"index","follow":"follow","max-snippet":"max-snippet:-1","max-image-preview":"max-image-preview:large","max-video-preview":"max-video-preview:-1"},"canonical":"https:\/\/www.goride.pt\/store\/termos-e-condicoes-de-utilizacao\/","og_locale":"pt_PT","og_type":"article","og_title":"Termos e condi\u00e7\u00f5es de utiliza\u00e7\u00e3o - GoRide Store","og_description":"Ao aceder e utilizar os servi\u00e7os do site GoRide Store (www.goride.pt\/store), o utilizador\/visitante aceita vincular-se aos presentes termos e condi\u00e7\u00f5es de utiliza\u00e7\u00e3o, pelo que dever\u00e1 ler os mesmos atentamente. Caso n\u00e3o concordes com os presentes termos e condi\u00e7\u00f5es de utiliza\u00e7\u00e3o n\u00e3o dever\u00e1s aceder a este site, inserir dados ou utilizar de forma alguma o presente [&hellip;]","og_url":"https:\/\/www.goride.pt\/store\/termos-e-condicoes-de-utilizacao\/","og_site_name":"GoRide Store","article_modified_time":"2023-10-11T08:59:42+00:00","twitter_card":"summary_large_image","twitter_misc":{"Tempo estimado de leitura":"5 minutos"},"schema":{"@context":"https:\/\/schema.org","@graph":[{"@type":"WebPage","@id":"https:\/\/www.goride.pt\/store\/termos-e-condicoes-de-utilizacao\/","url":"https:\/\/www.goride.pt\/store\/termos-e-condicoes-de-utilizacao\/","name":"Termos e condi\u00e7\u00f5es de utiliza\u00e7\u00e3o - GoRide Store","isPartOf":{"@id":"https:\/\/www.goride.pt\/store\/#website"},"datePublished":"2023-05-13T15:46:04+00:00","dateModified":"2023-10-11T08:59:42+00:00","breadcrumb":{"@id":"https:\/\/www.goride.pt\/store\/termos-e-condicoes-de-utilizacao\/#breadcrumb"},"inLanguage":"pt-PT","potentialAction":[{"@type":"ReadAction","target":["https:\/\/www.goride.pt\/store\/termos-e-condicoes-de-utilizacao\/"]}]},{"@type":"BreadcrumbList","@id":"https:\/\/www.goride.pt\/store\/termos-e-condicoes-de-utilizacao\/#breadcrumb","itemListElement":[{"@type":"ListItem","position":1,"name":"In\u00edcio","item":"https:\/\/www.goride.pt\/store\/"},{"@type":"ListItem","position":2,"name":"Termos e condi\u00e7\u00f5es de utiliza\u00e7\u00e3o"}]},{"@type":"WebSite","@id":"https:\/\/www.goride.pt\/store\/#website","url":"https:\/\/www.goride.pt\/store\/","name":"GoRide Store","description":"Equipamentos e merchandising GoRide","publisher":{"@id":"https:\/\/www.goride.pt\/store\/#organization"},"potentialAction":[{"@type":"SearchAction","target":{"@type":"EntryPoint","urlTemplate":"https:\/\/www.goride.pt\/store\/?s={search_term_string}"},"query-input":"required name=search_term_string"}],"inLanguage":"pt-PT"},{"@type":"Organization","@id":"https:\/\/www.goride.pt\/store\/#organization","name":"GoRide","url":"https:\/\/www.goride.pt\/store\/","logo":{"@type":"ImageObject","inLanguage":"pt-PT","@id":"https:\/\/www.goride.pt\/store\/#\/schema\/logo\/image\/","url":"https:\/\/www.goride.pt\/store\/wp-content\/uploads\/2023\/05\/GoRide_Final_2021a.png","contentUrl":"https:\/\/www.goride.pt\/store\/wp-content\/uploads\/2023\/05\/GoRide_Final_2021a.png","width":3004,"height":612,"caption":"GoRide"},"image":{"@id":"https:\/\/www.goride.pt\/store\/#\/schema\/logo\/image\/"}}]}},"_links":{"self":[{"href":"https:\/\/www.goride.pt\/store\/wp-json\/wp\/v2\/pages\/2","targetHints":{"allow":["GET"]}}],"collection":[{"href":"https:\/\/www.goride.pt\/store\/wp-json\/wp\/v2\/pages"}],"about":[{"href":"https:\/\/www.goride.pt\/store\/wp-json\/wp\/v2\/types\/page"}],"author":[{"embeddable":true,"href":"https:\/\/www.goride.pt\/store\/wp-json\/wp\/v2\/users\/1"}],"replies":[{"embeddable":true,"href":"https:\/\/www.goride.pt\/store\/wp-json\/wp\/v2\/comments?post=2"}],"version-history":[{"count":10,"href":"https:\/\/www.goride.pt\/store\/wp-json\/wp\/v2\/pages\/2\/revisions"}],"predecessor-version":[{"id":118755,"href":"https:\/\/www.goride.pt\/store\/wp-json\/wp\/v2\/pages\/2\/revisions\/118755"}],"wp:attachment":[{"href":"https:\/\/www.goride.pt\/store\/wp-json\/wp\/v2\/media?parent=2"}],"curies":[{"name":"wp","href":"https:\/\/api.w.org\/{rel}","templated":true}]}}