{"id":118744,"date":"2023-10-08T15:35:12","date_gmt":"2023-10-08T15:35:12","guid":{"rendered":"https:\/\/www.goride.pt\/store\/?page_id=118744"},"modified":"2023-11-22T00:07:07","modified_gmt":"2023-11-22T00:07:07","slug":"contactos-e-informacoes","status":"publish","type":"page","link":"https:\/\/www.goride.pt\/store\/contactos-e-informacoes\/","title":{"rendered":"Contactos e informa\u00e7\u00f5es"},"content":{"rendered":"<p>A GoRide Store \u00e9 a loja oficial de produtos do <a href=\"https:\/\/www.goride.pt\/contactos\/\" target=\"_blank\" rel=\"noopener\">site GoRide.pt<\/a>!<\/p>\n<p>Para qualquer d\u00favida, quest\u00e3o ou sugest\u00e3o, por favor contacta-nos atrav\u00e9s dos emails store@goride.pt e geral@goride.pt.<\/p>\n<p>Em alternativa podes usar qualquer um dos contactos que encontras em\u00a0<a href=\"https:\/\/www.goride.pt\/contactos\/\" target=\"_blank\" rel=\"noopener\">GoRide.pt<\/a>\u00a0e\/ou nas nossas redes sociais.<\/p>\n","protected":false},"excerpt":{"rendered":"<p>A GoRide Store \u00e9 a loja oficial de produtos do site GoRide.pt! Para qualquer d\u00favida, quest\u00e3o ou sugest\u00e3o, por favor contacta-nos atrav\u00e9s dos emails store@goride.pt e geral@goride.pt. Em alternativa podes usar qualquer um dos contactos que encontras em\u00a0GoRide.pt\u00a0e\/ou nas nossas redes sociais.<\/p>\n","protected":false},"author":1,"featured_media":0,"parent":0,"menu_order":0,"comment_status":"closed","ping_status":"closed","template":"","meta":{"footnotes":""},"class_list":["post-118744","page","type-page","status-publish","hentry"],"yoast_head":"<!-- This site is optimized with the Yoast SEO plugin v21.6 - https:\/\/yoast.com\/wordpress\/plugins\/seo\/ -->\n<title>Contactos e informa\u00e7\u00f5es - GoRide Store<\/title>\n<meta name=\"robots\" content=\"index, follow, max-snippet:-1, max-image-preview:large, max-video-preview:-1\" \/>\n<link rel=\"canonical\" href=\"https:\/\/www.goride.pt\/store\/contactos-e-informacoes\/\" \/>\n<meta property=\"og:locale\" content=\"pt_PT\" \/>\n<meta property=\"og:type\" content=\"article\" \/>\n<meta property=\"og:title\" content=\"Contactos e informa\u00e7\u00f5es - GoRide Store\" \/>\n<meta property=\"og:description\" content=\"A GoRide Store \u00e9 a loja oficial de produtos do site GoRide.pt! Para qualquer d\u00favida, quest\u00e3o ou sugest\u00e3o, por favor contacta-nos atrav\u00e9s dos emails store@goride.pt e geral@goride.pt. Em alternativa podes usar qualquer um dos contactos que encontras em\u00a0GoRide.pt\u00a0e\/ou nas nossas redes sociais.\" \/>\n<meta property=\"og:url\" content=\"https:\/\/www.goride.pt\/store\/contactos-e-informacoes\/\" \/>\n<meta property=\"og:site_name\" content=\"GoRide Store\" \/>\n<meta property=\"article:modified_time\" content=\"2023-11-22T00:07:07+00:00\" \/>\n<meta name=\"twitter:card\" content=\"summary_large_image\" \/>\n<meta name=\"twitter:label1\" content=\"Tempo estimado de leitura\" \/>\n\t<meta name=\"twitter:data1\" content=\"1 minuto\" \/>\n<script type=\"application\/ld+json\" class=\"yoast-schema-graph\">{\"@context\":\"https:\/\/schema.org\",\"@graph\":[{\"@type\":\"WebPage\",\"@id\":\"https:\/\/www.goride.pt\/store\/contactos-e-informacoes\/\",\"url\":\"https:\/\/www.goride.pt\/store\/contactos-e-informacoes\/\",\"name\":\"Contactos e informa\u00e7\u00f5es - GoRide Store\",\"isPartOf\":{\"@id\":\"https:\/\/www.goride.pt\/store\/#website\"},\"datePublished\":\"2023-10-08T15:35:12+00:00\",\"dateModified\":\"2023-11-22T00:07:07+00:00\",\"breadcrumb\":{\"@id\":\"https:\/\/www.goride.pt\/store\/contactos-e-informacoes\/#breadcrumb\"},\"inLanguage\":\"pt-PT\",\"potentialAction\":[{\"@type\":\"ReadAction\",\"target\":[\"https:\/\/www.goride.pt\/store\/contactos-e-informacoes\/\"]}]},{\"@type\":\"BreadcrumbList\",\"@id\":\"https:\/\/www.goride.pt\/store\/contactos-e-informacoes\/#breadcrumb\",\"itemListElement\":[{\"@type\":\"ListItem\",\"position\":1,\"name\":\"In\u00edcio\",\"item\":\"https:\/\/www.goride.pt\/store\/\"},{\"@type\":\"ListItem\",\"position\":2,\"name\":\"Contactos e informa\u00e7\u00f5es\"}]},{\"@type\":\"WebSite\",\"@id\":\"https:\/\/www.goride.pt\/store\/#website\",\"url\":\"https:\/\/www.goride.pt\/store\/\",\"name\":\"GoRide Store\",\"description\":\"Equipamentos e merchandising GoRide\",\"publisher\":{\"@id\":\"https:\/\/www.goride.pt\/store\/#organization\"},\"potentialAction\":[{\"@type\":\"SearchAction\",\"target\":{\"@type\":\"EntryPoint\",\"urlTemplate\":\"https:\/\/www.goride.pt\/store\/?s={search_term_string}\"},\"query-input\":\"required name=search_term_string\"}],\"inLanguage\":\"pt-PT\"},{\"@type\":\"Organization\",\"@id\":\"https:\/\/www.goride.pt\/store\/#organization\",\"name\":\"GoRide\",\"url\":\"https:\/\/www.goride.pt\/store\/\",\"logo\":{\"@type\":\"ImageObject\",\"inLanguage\":\"pt-PT\",\"@id\":\"https:\/\/www.goride.pt\/store\/#\/schema\/logo\/image\/\",\"url\":\"https:\/\/www.goride.pt\/store\/wp-content\/uploads\/2023\/05\/GoRide_Final_2021a.png\",\"contentUrl\":\"https:\/\/www.goride.pt\/store\/wp-content\/uploads\/2023\/05\/GoRide_Final_2021a.png\",\"width\":3004,\"height\":612,\"caption\":\"GoRide\"},\"image\":{\"@id\":\"https:\/\/www.goride.pt\/store\/#\/schema\/logo\/image\/\"}}]}<\/script>\n<!-- \/ Yoast SEO plugin. -->","yoast_head_json":{"title":"Contactos e informa\u00e7\u00f5es - GoRide Store","robots":{"index":"index","follow":"follow","max-snippet":"max-snippet:-1","max-image-preview":"max-image-preview:large","max-video-preview":"max-video-preview:-1"},"canonical":"https:\/\/www.goride.pt\/store\/contactos-e-informacoes\/","og_locale":"pt_PT","og_type":"article","og_title":"Contactos e informa\u00e7\u00f5es - GoRide Store","og_description":"A GoRide Store \u00e9 a loja oficial de produtos do site GoRide.pt! Para qualquer d\u00favida, quest\u00e3o ou sugest\u00e3o, por favor contacta-nos atrav\u00e9s dos emails store@goride.pt e geral@goride.pt. Em alternativa podes usar qualquer um dos contactos que encontras em\u00a0GoRide.pt\u00a0e\/ou nas nossas redes sociais.","og_url":"https:\/\/www.goride.pt\/store\/contactos-e-informacoes\/","og_site_name":"GoRide Store","article_modified_time":"2023-11-22T00:07:07+00:00","twitter_card":"summary_large_image","twitter_misc":{"Tempo estimado de leitura":"1 minuto"},"schema":{"@context":"https:\/\/schema.org","@graph":[{"@type":"WebPage","@id":"https:\/\/www.goride.pt\/store\/contactos-e-informacoes\/","url":"https:\/\/www.goride.pt\/store\/contactos-e-informacoes\/","name":"Contactos e informa\u00e7\u00f5es - GoRide Store","isPartOf":{"@id":"https:\/\/www.goride.pt\/store\/#website"},"datePublished":"2023-10-08T15:35:12+00:00","dateModified":"2023-11-22T00:07:07+00:00","breadcrumb":{"@id":"https:\/\/www.goride.pt\/store\/contactos-e-informacoes\/#breadcrumb"},"inLanguage":"pt-PT","potentialAction":[{"@type":"ReadAction","target":["https:\/\/www.goride.pt\/store\/contactos-e-informacoes\/"]}]},{"@type":"BreadcrumbList","@id":"https:\/\/www.goride.pt\/store\/contactos-e-informacoes\/#breadcrumb","itemListElement":[{"@type":"ListItem","position":1,"name":"In\u00edcio","item":"https:\/\/www.goride.pt\/store\/"},{"@type":"ListItem","position":2,"name":"Contactos e informa\u00e7\u00f5es"}]},{"@type":"WebSite","@id":"https:\/\/www.goride.pt\/store\/#website","url":"https:\/\/www.goride.pt\/store\/","name":"GoRide Store","description":"Equipamentos e merchandising GoRide","publisher":{"@id":"https:\/\/www.goride.pt\/store\/#organization"},"potentialAction":[{"@type":"SearchAction","target":{"@type":"EntryPoint","urlTemplate":"https:\/\/www.goride.pt\/store\/?s={search_term_string}"},"query-input":"required name=search_term_string"}],"inLanguage":"pt-PT"},{"@type":"Organization","@id":"https:\/\/www.goride.pt\/store\/#organization","name":"GoRide","url":"https:\/\/www.goride.pt\/store\/","logo":{"@type":"ImageObject","inLanguage":"pt-PT","@id":"https:\/\/www.goride.pt\/store\/#\/schema\/logo\/image\/","url":"https:\/\/www.goride.pt\/store\/wp-content\/uploads\/2023\/05\/GoRide_Final_2021a.png","contentUrl":"https:\/\/www.goride.pt\/store\/wp-content\/uploads\/2023\/05\/GoRide_Final_2021a.png","width":3004,"height":612,"caption":"GoRide"},"image":{"@id":"https:\/\/www.goride.pt\/store\/#\/schema\/logo\/image\/"}}]}},"_links":{"self":[{"href":"https:\/\/www.goride.pt\/store\/wp-json\/wp\/v2\/pages\/118744","targetHints":{"allow":["GET"]}}],"collection":[{"href":"https:\/\/www.goride.pt\/store\/wp-json\/wp\/v2\/pages"}],"about":[{"href":"https:\/\/www.goride.pt\/store\/wp-json\/wp\/v2\/types\/page"}],"author":[{"embeddable":true,"href":"https:\/\/www.goride.pt\/store\/wp-json\/wp\/v2\/users\/1"}],"replies":[{"embeddable":true,"href":"https:\/\/www.goride.pt\/store\/wp-json\/wp\/v2\/comments?post=118744"}],"version-history":[{"count":4,"href":"https:\/\/www.goride.pt\/store\/wp-json\/wp\/v2\/pages\/118744\/revisions"}],"predecessor-version":[{"id":119069,"href":"https:\/\/www.goride.pt\/store\/wp-json\/wp\/v2\/pages\/118744\/revisions\/119069"}],"wp:attachment":[{"href":"https:\/\/www.goride.pt\/store\/wp-json\/wp\/v2\/media?parent=118744"}],"curies":[{"name":"wp","href":"https:\/\/api.w.org\/{rel}","templated":true}]}}